{"id":92,"date":"2023-04-05T09:07:26","date_gmt":"2023-04-05T07:07:26","guid":{"rendered":"https:\/\/draviczkitapeta.hu\/?page_id=92"},"modified":"2023-04-05T14:31:22","modified_gmt":"2023-04-05T12:31:22","slug":"adatkezeles","status":"publish","type":"page","link":"https:\/\/draviczkitapeta.hu\/de\/adatkezeles\/","title":{"rendered":"Tap\u00e9ta Felrak\u00e1sa Professzion\u00e1lis Szinten, Modern Technol\u00f3gi\u00e1val, A Legjobb \u00e1ron (Adatkezel\u00e9s)"},"content":{"rendered":"<!--themify_builder_content-->\n<div id=\"themify_builder_content-92\" data-postid=\"92\" class=\"themify_builder_content themify_builder_content-92 themify_builder tf_clear\">\n                    <div  data-lazy=\"1\" class=\"module_row themify_builder_row tb_91dd131 tb_first tf_w\">\n                        <div class=\"row_inner col_align_top tb_col_count_1 tf_box tf_rel\">\n                        <div  data-lazy=\"1\" class=\"module_column tb-column col-full tb_m8l3132 first\">\n                            <div  data-lazy=\"1\" class=\"module_subrow themify_builder_sub_row tf_w col_align_top tb_col_count_1 tb_izor109\">\n                <div  data-lazy=\"1\" class=\"module_column sub_column col-full tb_2ynj109 first\">\n                    <!-- module fancy heading -->\n<div  class=\"module module-fancy-heading tb_zfh7307  tb_hide_divider\" data-lazy=\"1\">\n        <h1 class=\"fancy-heading\">\n    <span class=\"main-head tf_block\">\n                    Datenschutzerkl\u00e4rung            <\/span>\n\n    \n    <span class=\"sub-head tf_block tf_rel\">\n                                <\/span>\n    <\/h1>\n<\/div>\n<!-- \/module fancy heading -->\n<!-- module text -->\n<div  class=\"module module-text tb_ab5m989\" data-lazy=\"1\">\n        <div  class=\"tb_text_wrap\">\n        <h2>Wer sind wir<\/h2>\n<p>&nbsp;<\/p>\n<p>Die Adresse unserer Website lautet: https:\/\/draviczkitapeta.hu<\/p>\n<p>&nbsp;<\/p>\n<h2>Kommentare<\/h2>\n<p>&nbsp;<\/p>\n<p>Die Kommentarfunktion ist deaktiviert, deshalb werden keine personenbezogenen Daten diesbez\u00fcglich gespeichert.<\/p>\n<p>&nbsp;<\/p>\n<h2>Medien<\/h2>\n<p>&nbsp;<\/p>\n<p>Benutzerregistrierungen sind nicht erlaubt, deshalb k\u00f6nnen die Benutzer keine Bilder oder Videos hochladen.&nbsp;<\/p>\n<p>&nbsp;<\/p>\n<h2>Cookies<\/h2>\n<p>&nbsp;<\/p>\n<p>Da es keine Kommentare zugelassen sind, werden auch keine Daten zu \nKommentaren in Cookies oder Datenbanken gespeichert.<\/p>\n<p>&nbsp;<\/p>\n<h2>Eingebettete Inhalte von anderen Websites<\/h2>\n<p>&nbsp;<\/p>\n<p>Beitr\u00e4ge auf dieser Website k\u00f6nnen eingebettete Inhalte von externen Quellen enthalten (z.\u202fB. Videos, Bilder, Artikel usw.). Solche eingebetteten Inhalte verhalten sich genauso, als h\u00e4tte der Besucher die andere Website direkt aufgerufen.<\/p>\n<p>&nbsp;<\/p>\n<p>Diese externen Websites k\u00f6nnen Daten \u00fcber die Besucher sammeln, Cookies verwenden, Tracking-Tools von Dritten einsetzen und das Nutzerverhalten in Bezug auf die eingebetteten Inhalte beobachten \u2013 insbesondere dann, wenn der Besucher ein Benutzerkonto bei der jeweiligen Website hat und dort eingeloggt ist.<\/p>\n<p>&nbsp;<\/p>\n<h2>Weitergabe von Benutzerdaten<\/h2>\n<p>&nbsp;<\/p>\n<p>Da es keine Benutzerregistrierung m\u00f6glich ist, speichern wir keine personenbezogenen Besucherdaten.&nbsp;<\/p>    <\/div>\n<\/div>\n<!-- \/module text -->        <\/div>\n                    <\/div>\n                <\/div>\n                        <\/div>\n        <\/div>\n                        <div  data-css_id=\"s2wa496\" data-lazy=\"1\" class=\"module_row themify_builder_row fullwidth tb_s2wa496 tf_w\">\n                        <div class=\"row_inner col_align_top tb_col_count_1 tf_box tf_rel\">\n                        <div  data-lazy=\"1\" class=\"module_column tb-column col-full tb_wi9e496 first\">\n                    <!-- module template_part -->\n<div  class=\"module module-layout-part tb_7wie469\">\n    <div class=\"tb_layout_part_wrap tf_w\"><!--themify_builder_content-->\n    <div  class=\"themify_builder_content themify_builder_content-77 themify_builder not_editable_builder in_the_loop\" data-postid=\"77\">\n                        <div  data-css_id=\"k2aw630\" data-lazy=\"1\" class=\"module_row themify_builder_row fullwidth tb_k2aw630 tf_w\">\n                        <div class=\"row_inner col_align_middle gutter-none tb_col_count_3 tf_box tf_rel\">\n                        <div  data-lazy=\"1\" class=\"module_column tb-column col3-1 tb_0rbz631 first\">\n                    <!-- module fancy heading -->\n<div  class=\"module module-fancy-heading tb_rxxq170  tb_hide_divider\" data-lazy=\"1\">\n        <h2 class=\"fancy-heading tf_textc\">\n    <span class=\"main-head tf_block\">\n                    Dr\u00e1viczki Tapeten            <\/span>\n\n    \n    <span class=\"sub-head tf_block tf_rel\">\n                    Tapezierkunst auf h\u00f6chstem Niveau            <\/span>\n    <\/h2>\n<\/div>\n<!-- \/module fancy heading -->\n<!-- module icon -->\n<div  class=\"module module-icon tb_7rcm507    icon_horizontal tf_textc\" data-lazy=\"1\">\n\t\t\t<div class=\"module-icon-item\">\n\t\t\t\t\t\t\t\t\t\t\t\t\t\t\t\t<em class=\"tf_box\"\n\t\t\t\t\t\t\t\t\t\t\t\t style=\"color:#e0c56e\"\t\t\t\t\t><svg  class=\"tf_fa tf-fas-copyright\" aria-hidden=\"true\"><use href=\"#tf-fas-copyright\"><\/use><\/svg><\/em>\n\t\t\t\t\t\t\t\t\t\t\t\t\t\t\t\t\t\t\t<span>Minden jog fenntartva 2026<\/span>\n\t\t\t\t\t\t\t\t\t\t\t\t\t\t\t<\/div>\n\t<\/div>\n<!-- \/module icon -->\n        <\/div>\n                    <div  data-lazy=\"1\" class=\"module_column tb-column col3-1 tb_0eyn732\">\n                    <!-- module divider -->\n<div  class=\"module tf_mw module-divider tb_yu45607 dashed  divider-custom divider-center hide-desktop hide-tablet_landscape\" style=\"border-width: 1px;border-color: rgba(196,169,71, 0.74);margin-top: 16px;margin-bottom: 16px;max-width: 200px;\" data-lazy=\"1\">\n    <\/div>\n<!-- \/module divider -->\n<!-- module icon -->\n<div  class=\"module module-icon tb_0tw5803  large none icon_vertical tf_textc\" data-lazy=\"1\">\n\t\t\t<div class=\"module-icon-item\">\n\t\t\t\t\t\t\t<a href=\"https:\/\/www.facebook.com\/draviczkitapeta\" rel=\"noopener\" target=\"_blank\">\n\t\t\t\t\t\t\t\t\t\t\t\t\t\t\t\t\t<em class=\"tf_box\"\n\t\t\t\t\t\t\t\t\t\t\t\t style=\"color:#e0c56e\"\t\t\t\t\t><svg  class=\"tf_fa tf-fab-facebook\" aria-hidden=\"true\"><use href=\"#tf-fab-facebook\"><\/use><\/svg><\/em>\n\t\t\t\t\t\t\t\t\t\t\t\t\t\t\t\t\t\t\t<span>Facebook<\/span>\n\t\t\t\t\t\t\t\t\t\t\t\t\t\t\t\t\t<\/a>\n\t\t\t\t\t<\/div>\n\t<\/div>\n<!-- \/module icon -->\n<!-- module divider -->\n<div  class=\"module tf_mw module-divider tb_5ova328 dashed  divider-custom divider-center\" style=\"border-width: 1px;border-color: rgba(196,169,71, 0.74);margin-top: 16px;margin-bottom: 16px;max-width: 200px;\" data-lazy=\"1\">\n    <\/div>\n<!-- \/module divider -->\n<!-- module icon -->\n<div  class=\"module module-icon tb_g5ze186  small none icon_horizontal tf_textc\" data-lazy=\"1\">\n\t\t\t<div class=\"module-icon-item\">\n\t\t\t\t\t\t\t<a href=\"\/de\/\">\n\t\t\t\t\t\t\t\t\t\t\t\t\t\t\t\t\t<em class=\"tf_box\"\n\t\t\t\t\t\t\t\t\t\t\t\t\t\t\t\t\t><svg  class=\"tf_fa tf-ti-paint-roller\" aria-hidden=\"true\"><use href=\"#tf-ti-paint-roller\"><\/use><\/svg><\/em>\n\t\t\t\t\t\t\t\t\t\t\t\t\t\t\t\t\t\t\t<span>Startseite<\/span>\n\t\t\t\t\t\t\t\t\t\t\t\t\t\t\t\t\t<\/a>\n\t\t\t\t\t<\/div>\n\t\t\t<div class=\"module-icon-item\">\n\t\t\t\t\t\t\t<a href=\"\/de\/impresszum\/\">\n\t\t\t\t\t\t\t\t\t\t\t\t\t\t\t\t\t<em class=\"tf_box\"\n\t\t\t\t\t\t\t\t\t\t\t\t\t\t\t\t\t><svg  class=\"tf_fa tf-ti-paint-roller\" aria-hidden=\"true\"><use href=\"#tf-ti-paint-roller\"><\/use><\/svg><\/em>\n\t\t\t\t\t\t\t\t\t\t\t\t\t\t\t\t\t\t\t<span>Impressum<\/span>\n\t\t\t\t\t\t\t\t\t\t\t\t\t\t\t\t\t<\/a>\n\t\t\t\t\t<\/div>\n\t\t\t<div class=\"module-icon-item\">\n\t\t\t\t\t\t\t<a href=\"\/de\/adatkezeles\/\">\n\t\t\t\t\t\t\t\t\t\t\t\t\t\t\t\t\t<em class=\"tf_box\"\n\t\t\t\t\t\t\t\t\t\t\t\t\t\t\t\t\t><svg  class=\"tf_fa tf-ti-paint-roller\" aria-hidden=\"true\"><use href=\"#tf-ti-paint-roller\"><\/use><\/svg><\/em>\n\t\t\t\t\t\t\t\t\t\t\t\t\t\t\t\t\t\t\t<span>Datenschutzerkl\u00e4rung<\/span>\n\t\t\t\t\t\t\t\t\t\t\t\t\t\t\t\t\t<\/a>\n\t\t\t\t\t<\/div>\n\t<\/div>\n<!-- \/module icon -->\n<!-- module divider -->\n<div  class=\"module tf_mw module-divider tb_k2nj827 dashed  divider-custom divider-center hide-desktop hide-tablet_landscape\" style=\"border-width: 1px;border-color: rgba(196,169,71, 0.74);margin-top: 16px;margin-bottom: 16px;max-width: 200px;\" data-lazy=\"1\">\n    <\/div>\n<!-- \/module divider -->\n        <\/div>\n                    <div  data-lazy=\"1\" class=\"module_column tb-column col3-1 tb_481i629 last\">\n                            <\/div>\n                        <\/div>\n        <\/div>\n            <\/div>\n<!--\/themify_builder_content--><\/div>\n<\/div>\n<!-- \/module template_part -->        <\/div>\n                        <\/div>\n        <\/div>\n        <\/div>\n<!--\/themify_builder_content-->","protected":false},"excerpt":{"rendered":"<p>Kik vagyunk &nbsp; A weboldal c\u00edme: https:\/\/draviczkitapeta.hu &nbsp; Hozz\u00e1sz\u00f3l\u00e1sok &nbsp; Hozz\u00e1sz\u00f3l\u00e1sokat nem enged\u00e9lyez\u00fcnk, ez\u00e9rt azzal kapcsolatban semmilyen adatot nem t\u00e1rolunk. &nbsp; M\u00e9dia &nbsp; Mivel felhaszn\u00e1l\u00f3i regisztr\u00e1ci\u00f3 nem enged\u00e9lyezett, \u00edgy felhaszn\u00e1l\u00f3 nem tud k\u00e9peket, vide\u00f3kat felt\u00f6lteni.&nbsp; &nbsp; S\u00fctik &nbsp; Hozz\u00e1sz\u00f3l\u00e1sokat nem enged\u00e9lyez\u00fcnk,&nbsp;a honlapon, ez\u00e9rt ezzel kapcsolatos adatokat sem adatb\u00e1zisban, sem s\u00fctikben nem t\u00e1rolunk. &nbsp; M\u00e1s honlapokr\u00f3l [&hellip;]<\/p>\n","protected":false},"author":2,"featured_media":0,"parent":0,"menu_order":0,"comment_status":"closed","ping_status":"closed","template":"","meta":{"_monsterinsights_skip_tracking":false,"_monsterinsights_sitenote_active":false,"_monsterinsights_sitenote_note":"","_monsterinsights_sitenote_category":0,"footnotes":""},"class_list":["post-92","page","type-page","status-publish","hentry","has-post-title","has-post-date","has-post-category","has-post-tag","has-post-comment","has-post-author",""],"aioseo_notices":[],"builder_content":"<h1>Adatkezel\u00e9si t\u00e1j\u00e9koztat\u00f3<br\/><\/h1>\n<h2>Kik vagyunk<\/h2> <p>&nbsp;<\/p> <p>A weboldal c\u00edme: https:\/\/draviczkitapeta.hu<\/p> <p>&nbsp;<\/p> <h2>Hozz\u00e1sz\u00f3l\u00e1sok<\/h2> <p>&nbsp;<\/p> <p>Hozz\u00e1sz\u00f3l\u00e1sokat nem enged\u00e9lyez\u00fcnk, ez\u00e9rt azzal kapcsolatban semmilyen adatot nem t\u00e1rolunk.<\/p> <p>&nbsp;<\/p> <h2>M\u00e9dia<\/h2> <p>&nbsp;<\/p> <p>Mivel felhaszn\u00e1l\u00f3i regisztr\u00e1ci\u00f3 nem enged\u00e9lyezett, \u00edgy felhaszn\u00e1l\u00f3 nem tud k\u00e9peket, vide\u00f3kat felt\u00f6lteni.&nbsp;<\/p> <p>&nbsp;<\/p> <h2>S\u00fctik<\/h2> <p>&nbsp;<\/p> <p>Hozz\u00e1sz\u00f3l\u00e1sokat nem enged\u00e9lyez\u00fcnk,&nbsp;a honlapon, ez\u00e9rt ezzel kapcsolatos adatokat sem adatb\u00e1zisban, sem s\u00fctikben nem t\u00e1rolunk.<\/p> <p>&nbsp;<\/p> <h2>M\u00e1s honlapokr\u00f3l sz\u00e1rmaz\u00f3 be\u00e1gyazott tartalmak<\/h2> <p>&nbsp;<\/p> <p>A honlapon el\u00e9rhet\u0151 bejegyz\u00e9sek k\u00fcls\u0151 forr\u00e1sb\u00f3l sz\u00e1rmaz\u00f3 be\u00e1gyazott tartalmakat (pl. vide\u00f3k, k\u00e9pek, cikkek stb.) haszn\u00e1lhatnak. A k\u00fcls\u0151 forr\u00e1sb\u00f3l sz\u00e1rmaz\u00f3 be\u00e1gyazott tartalmak pontosan \u00fagy viselkednek, mintha megl\u00e1togattunk volna egy m\u00e1sik honlapot.<\/p> <p>&nbsp;<\/p> <p>Ezek a webhelyek lehets\u00e9ges, hogy adatot gy\u0171jtenek a l\u00e1togat\u00f3kr\u00f3l, s\u00fctiket vagy harmadik f\u00e9lt\u0151l sz\u00e1rmaz\u00f3 k\u00f6vet\u0151k\u00f3dot haszn\u00e1lnak, figyelik a be\u00e1gyazott tartalommal kapcsolatos felhaszn\u00e1l\u00f3i viselked\u00e9st, ha rendelkez\u00fcnk felhaszn\u00e1l\u00f3i fi\u00f3kkal \u00e9s be vagyunk jelentkezve az oldalra.<\/p> <p>&nbsp;<\/p> <h2>Kivel osztjuk meg a felhaszn\u00e1l\u00f3i adatokat<\/h2> <p>&nbsp;<\/p> <p>Mivel felhaszn\u00e1l\u00f3i regisztr\u00e1ci\u00f3 nem enged\u00e9lyezett,&nbsp;\u00edgy adatokat sem t\u00e1rolunk a l\u00e1togat\u00f3kr\u00f3l.&nbsp;<\/p>","_links":{"self":[{"href":"https:\/\/draviczkitapeta.hu\/de\/wp-json\/wp\/v2\/pages\/92","targetHints":{"allow":["GET"]}}],"collection":[{"href":"https:\/\/draviczkitapeta.hu\/de\/wp-json\/wp\/v2\/pages"}],"about":[{"href":"https:\/\/draviczkitapeta.hu\/de\/wp-json\/wp\/v2\/types\/page"}],"author":[{"embeddable":true,"href":"https:\/\/draviczkitapeta.hu\/de\/wp-json\/wp\/v2\/users\/2"}],"replies":[{"embeddable":true,"href":"https:\/\/draviczkitapeta.hu\/de\/wp-json\/wp\/v2\/comments?post=92"}],"version-history":[{"count":22,"href":"https:\/\/draviczkitapeta.hu\/de\/wp-json\/wp\/v2\/pages\/92\/revisions"}],"predecessor-version":[{"id":207,"href":"https:\/\/draviczkitapeta.hu\/de\/wp-json\/wp\/v2\/pages\/92\/revisions\/207"}],"wp:attachment":[{"href":"https:\/\/draviczkitapeta.hu\/de\/wp-json\/wp\/v2\/media?parent=92"}],"curies":[{"name":"wp","href":"https:\/\/api.w.org\/{rel}","templated":true}]}}