{"id":90,"date":"2023-04-05T09:06:43","date_gmt":"2023-04-05T07:06:43","guid":{"rendered":"https:\/\/draviczkitapeta.hu\/?page_id=90"},"modified":"2026-02-27T02:10:25","modified_gmt":"2026-02-27T01:10:25","slug":"impresszum","status":"publish","type":"page","link":"https:\/\/draviczkitapeta.hu\/de\/impresszum\/","title":{"rendered":"Tap\u00e9ta felrak\u00e1sa professzion\u00e1lis szinten, modern technol\u00f3gi\u00e1val, a legjobb \u00e1ron (Impresszum)"},"content":{"rendered":"<!--themify_builder_content-->\n<div id=\"themify_builder_content-90\" data-postid=\"90\" class=\"themify_builder_content themify_builder_content-90 themify_builder tf_clear\">\n                    <div  data-lazy=\"1\" class=\"module_row themify_builder_row tb_in2x678 tb_first tf_w\">\n                        <div class=\"row_inner col_align_top tb_col_count_1 tf_box tf_rel\">\n                        <div  data-lazy=\"1\" class=\"module_column tb-column col-full tb_0dfg678 first\">\n                    <!-- module fancy heading -->\n<div  class=\"module module-fancy-heading tb_bt7f322  tb_hide_divider\" data-lazy=\"1\">\n        <h2 class=\"fancy-heading\">\n    <span class=\"main-head tf_block\">\n                    Impressum            <\/span>\n\n    \n    <span class=\"sub-head tf_block tf_rel\">\n                                <\/span>\n    <\/h2>\n<\/div>\n<!-- \/module fancy heading -->\n<!-- module text -->\n<div  class=\"module module-text tb_any2416\" data-lazy=\"1\">\n        <div  class=\"tb_text_wrap\">\n        <p>Angaben zum Einzelunternehmen<\/p>\n<ul>\n<li><strong>Firmenname:<\/strong>\u00a0Dr\u00e1viczki Tapeten \u2013 Einzelunternehmen von J\u00f3zsef Dr\u00e1viczki (KATA-gelistet)<\/li>\n<li><strong>Firmensitz (kein Kundenservice):<\/strong>\u00a01108 Budapest, Sibrik Mikl\u00f3s \u00fat 81. Fsz. 104.<\/li>\n<li><strong>Steuernummer:<\/strong> 42347406-1-42<\/li>\n<li><strong>Handelsregisternummer \/ Registrierungsnummer:<\/strong> 2250158<\/li>\n<li><strong>Zust\u00e4ndige Aufsichtsbeh\u00f6rde:<\/strong>\u00a0Nationale Steuer- und Zollverwaltung, Zentrale Verwaltung (Nemzeti Ad\u00f3- \u00e9s V\u00e1mhivatal K\u00f6zponti ir\u00e1ny\u00edt\u00e1s)<\/li>\n<li><strong>Bankverbindung:<\/strong> 11773102-00098360-00000000<\/li>\n<li><strong>Vertretungsberechtigter:<\/strong>\u00a0Ich hei\u00dfe J\u00f3zsef Dr\u00e1viczki<\/li>\n<li><strong>E-Mail-Adresse:<\/strong>\u00a0draviczki68@gmail.com<\/li>\n<li><strong>Telefonnummer:<\/strong>\u00a0+49 1733034417<\/li>\n<\/ul>\n<p>Informationen zur Website:<\/p>\n<ul>\n<li><strong>Die Adresse unserer Website lautet\u00a0<\/strong>draviczkitapeta.hu<\/li>\n<\/ul>    <\/div>\n<\/div>\n<!-- \/module text -->        <\/div>\n                        <\/div>\n        <\/div>\n                        <div  data-css_id=\"9m8k291\" data-lazy=\"1\" class=\"module_row themify_builder_row fullwidth tb_9m8k291 tf_w\">\n                        <div class=\"row_inner col_align_top tb_col_count_1 tf_box tf_rel\">\n                        <div  data-lazy=\"1\" class=\"module_column tb-column col-full tb_7w04292 first\">\n                    <!-- module template_part -->\n<div  class=\"module module-layout-part tb_7b6z990\">\n    <div class=\"tb_layout_part_wrap tf_w\"><!--themify_builder_content-->\n    <div  class=\"themify_builder_content themify_builder_content-77 themify_builder not_editable_builder in_the_loop\" data-postid=\"77\">\n                        <div  data-css_id=\"k2aw630\" data-lazy=\"1\" class=\"module_row themify_builder_row fullwidth tb_k2aw630 tf_w\">\n                        <div class=\"row_inner col_align_middle gutter-none tb_col_count_3 tf_box tf_rel\">\n                        <div  data-lazy=\"1\" class=\"module_column tb-column col3-1 tb_0rbz631 first\">\n                    <!-- module fancy heading -->\n<div  class=\"module module-fancy-heading tb_rxxq170  tb_hide_divider\" data-lazy=\"1\">\n        <h2 class=\"fancy-heading tf_textc\">\n    <span class=\"main-head tf_block\">\n                    Dr\u00e1viczki Tapeten            <\/span>\n\n    \n    <span class=\"sub-head tf_block tf_rel\">\n                    Tapezierkunst auf h\u00f6chstem Niveau            <\/span>\n    <\/h2>\n<\/div>\n<!-- \/module fancy heading -->\n<!-- module icon -->\n<div  class=\"module module-icon tb_7rcm507    icon_horizontal tf_textc\" data-lazy=\"1\">\n\t\t\t<div class=\"module-icon-item\">\n\t\t\t\t\t\t\t\t\t\t\t\t\t\t\t\t<em class=\"tf_box\"\n\t\t\t\t\t\t\t\t\t\t\t\t style=\"color:#e0c56e\"\t\t\t\t\t><svg  class=\"tf_fa tf-fas-copyright\" aria-hidden=\"true\"><use href=\"#tf-fas-copyright\"><\/use><\/svg><\/em>\n\t\t\t\t\t\t\t\t\t\t\t\t\t\t\t\t\t\t\t<span>Minden jog fenntartva 2026<\/span>\n\t\t\t\t\t\t\t\t\t\t\t\t\t\t\t<\/div>\n\t<\/div>\n<!-- \/module icon -->\n        <\/div>\n                    <div  data-lazy=\"1\" class=\"module_column tb-column col3-1 tb_0eyn732\">\n                    <!-- module divider -->\n<div  class=\"module tf_mw module-divider tb_yu45607 dashed  divider-custom divider-center hide-desktop hide-tablet_landscape\" style=\"border-width: 1px;border-color: rgba(196,169,71, 0.74);margin-top: 16px;margin-bottom: 16px;max-width: 200px;\" data-lazy=\"1\">\n    <\/div>\n<!-- \/module divider -->\n<!-- module icon -->\n<div  class=\"module module-icon tb_0tw5803  large none icon_vertical tf_textc\" data-lazy=\"1\">\n\t\t\t<div class=\"module-icon-item\">\n\t\t\t\t\t\t\t<a href=\"https:\/\/www.facebook.com\/draviczkitapeta\" rel=\"noopener\" target=\"_blank\">\n\t\t\t\t\t\t\t\t\t\t\t\t\t\t\t\t\t<em class=\"tf_box\"\n\t\t\t\t\t\t\t\t\t\t\t\t style=\"color:#e0c56e\"\t\t\t\t\t><svg  class=\"tf_fa tf-fab-facebook\" aria-hidden=\"true\"><use href=\"#tf-fab-facebook\"><\/use><\/svg><\/em>\n\t\t\t\t\t\t\t\t\t\t\t\t\t\t\t\t\t\t\t<span>Facebook<\/span>\n\t\t\t\t\t\t\t\t\t\t\t\t\t\t\t\t\t<\/a>\n\t\t\t\t\t<\/div>\n\t<\/div>\n<!-- \/module icon -->\n<!-- module divider -->\n<div  class=\"module tf_mw module-divider tb_5ova328 dashed  divider-custom divider-center\" style=\"border-width: 1px;border-color: rgba(196,169,71, 0.74);margin-top: 16px;margin-bottom: 16px;max-width: 200px;\" data-lazy=\"1\">\n    <\/div>\n<!-- \/module divider -->\n<!-- module icon -->\n<div  class=\"module module-icon tb_g5ze186  small none icon_horizontal tf_textc\" data-lazy=\"1\">\n\t\t\t<div class=\"module-icon-item\">\n\t\t\t\t\t\t\t<a href=\"\/de\/\">\n\t\t\t\t\t\t\t\t\t\t\t\t\t\t\t\t\t<em class=\"tf_box\"\n\t\t\t\t\t\t\t\t\t\t\t\t\t\t\t\t\t><svg  class=\"tf_fa tf-ti-paint-roller\" aria-hidden=\"true\"><use href=\"#tf-ti-paint-roller\"><\/use><\/svg><\/em>\n\t\t\t\t\t\t\t\t\t\t\t\t\t\t\t\t\t\t\t<span>Startseite<\/span>\n\t\t\t\t\t\t\t\t\t\t\t\t\t\t\t\t\t<\/a>\n\t\t\t\t\t<\/div>\n\t\t\t<div class=\"module-icon-item\">\n\t\t\t\t\t\t\t<a href=\"\/de\/impresszum\/\">\n\t\t\t\t\t\t\t\t\t\t\t\t\t\t\t\t\t<em class=\"tf_box\"\n\t\t\t\t\t\t\t\t\t\t\t\t\t\t\t\t\t><svg  class=\"tf_fa tf-ti-paint-roller\" aria-hidden=\"true\"><use href=\"#tf-ti-paint-roller\"><\/use><\/svg><\/em>\n\t\t\t\t\t\t\t\t\t\t\t\t\t\t\t\t\t\t\t<span>Impressum<\/span>\n\t\t\t\t\t\t\t\t\t\t\t\t\t\t\t\t\t<\/a>\n\t\t\t\t\t<\/div>\n\t\t\t<div class=\"module-icon-item\">\n\t\t\t\t\t\t\t<a href=\"\/de\/adatkezeles\/\">\n\t\t\t\t\t\t\t\t\t\t\t\t\t\t\t\t\t<em class=\"tf_box\"\n\t\t\t\t\t\t\t\t\t\t\t\t\t\t\t\t\t><svg  class=\"tf_fa tf-ti-paint-roller\" aria-hidden=\"true\"><use href=\"#tf-ti-paint-roller\"><\/use><\/svg><\/em>\n\t\t\t\t\t\t\t\t\t\t\t\t\t\t\t\t\t\t\t<span>Datenschutzerkl\u00e4rung<\/span>\n\t\t\t\t\t\t\t\t\t\t\t\t\t\t\t\t\t<\/a>\n\t\t\t\t\t<\/div>\n\t<\/div>\n<!-- \/module icon -->\n<!-- module divider -->\n<div  class=\"module tf_mw module-divider tb_k2nj827 dashed  divider-custom divider-center hide-desktop hide-tablet_landscape\" style=\"border-width: 1px;border-color: rgba(196,169,71, 0.74);margin-top: 16px;margin-bottom: 16px;max-width: 200px;\" data-lazy=\"1\">\n    <\/div>\n<!-- \/module divider -->\n        <\/div>\n                    <div  data-lazy=\"1\" class=\"module_column tb-column col3-1 tb_481i629 last\">\n                            <\/div>\n                        <\/div>\n        <\/div>\n            <\/div>\n<!--\/themify_builder_content--><\/div>\n<\/div>\n<!-- \/module template_part -->        <\/div>\n                        <\/div>\n        <\/div>\n        <\/div>\n<!--\/themify_builder_content-->","protected":false},"excerpt":{"rendered":"<p>Mag\u00e1nv\u00e1llalkoz\u00e1s adatai: C\u00e9g neve:\u00a0Dr\u00e1viczki Tap\u00e9ta &#8211; Dr\u00e1viczki J\u00f3zsef KATA-s egy\u00e9ni v\u00e1llalkoz\u00f3 Sz\u00e9khelye (nem \u00fcgyf\u00e9lszolg\u00e1lat):\u00a01108 Budapest, Sibrik Mikl\u00f3s \u00fat 81. Fsz. 104. Ad\u00f3sz\u00e1ma: 42347406-1-42 C\u00e9gjegyz\u00e9k sz\u00e1ma\/ Nyilv\u00e1ntart\u00e1si sz\u00e1ma: 2250158 Nyilv\u00e1ntart\u00e1sba vev\u0151 hat\u00f3s\u00e1g neve:\u00a0Nemzeti Ad\u00f3- \u00e9s V\u00e1mhivatal K\u00f6zponti ir\u00e1ny\u00edt\u00e1s C\u00e9g banksz\u00e1mlasz\u00e1ma: 11773102-00098360-00000000 K\u00e9pvisel\u0151 neve:\u00a0Dr\u00e1viczki J\u00f3zsef E-mail c\u00edm:\u00a0draviczki68@gmail.com Telefonsz\u00e1m:\u00a0+36 20 911 9063 Weboldal adatai: Honlap c\u00edme:\u00a0draviczkitapeta.hu<\/p>","protected":false},"author":2,"featured_media":0,"parent":0,"menu_order":0,"comment_status":"closed","ping_status":"closed","template":"","meta":{"_monsterinsights_skip_tracking":false,"_monsterinsights_sitenote_active":false,"_monsterinsights_sitenote_note":"","_monsterinsights_sitenote_category":0,"footnotes":""},"class_list":["post-90","page","type-page","status-publish","hentry","has-post-title","has-post-date","has-post-category","has-post-tag","has-post-comment","has-post-author",""],"aioseo_notices":[],"builder_content":"<h2>Impresszum<br\/><\/h2>\n<p>Mag\u00e1nv\u00e1llalkoz\u00e1s adatai:<\/p> <ul> <li><strong>C\u00e9g neve:<\/strong>\u00a0Dr\u00e1viczki Tap\u00e9ta - Dr\u00e1viczki J\u00f3zsef KATA-s egy\u00e9ni v\u00e1llalkoz\u00f3<\/li> <li><strong>Sz\u00e9khelye (nem \u00fcgyf\u00e9lszolg\u00e1lat):<\/strong>\u00a01108 Budapest, Sibrik Mikl\u00f3s \u00fat 81. Fsz. 104.<\/li> <li><strong>Ad\u00f3sz\u00e1ma:<\/strong> 42347406-1-42<\/li> <li><strong>C\u00e9gjegyz\u00e9k sz\u00e1ma\/ Nyilv\u00e1ntart\u00e1si sz\u00e1ma:<\/strong> 2250158<\/li> <li><strong>Nyilv\u00e1ntart\u00e1sba vev\u0151 hat\u00f3s\u00e1g neve:<\/strong>\u00a0Nemzeti Ad\u00f3- \u00e9s V\u00e1mhivatal K\u00f6zponti ir\u00e1ny\u00edt\u00e1s<\/li> <li><strong>C\u00e9g banksz\u00e1mlasz\u00e1ma:<\/strong> 11773102-00098360-00000000<\/li> <li><strong>K\u00e9pvisel\u0151 neve:<\/strong>\u00a0Dr\u00e1viczki J\u00f3zsef<\/li> <li><strong>E-mail c\u00edm:<\/strong>\u00a0draviczki68@gmail.com<\/li> <li><strong>Telefonsz\u00e1m:<\/strong>\u00a0+36 20 911 9063<\/li> <\/ul> <p>Weboldal adatai:<\/p> <ul> <li><strong>Honlap c\u00edme:\u00a0<\/strong>draviczkitapeta.hu<\/li> <\/ul>","_links":{"self":[{"href":"https:\/\/draviczkitapeta.hu\/de\/wp-json\/wp\/v2\/pages\/90","targetHints":{"allow":["GET"]}}],"collection":[{"href":"https:\/\/draviczkitapeta.hu\/de\/wp-json\/wp\/v2\/pages"}],"about":[{"href":"https:\/\/draviczkitapeta.hu\/de\/wp-json\/wp\/v2\/types\/page"}],"author":[{"embeddable":true,"href":"https:\/\/draviczkitapeta.hu\/de\/wp-json\/wp\/v2\/users\/2"}],"replies":[{"embeddable":true,"href":"https:\/\/draviczkitapeta.hu\/de\/wp-json\/wp\/v2\/comments?post=90"}],"version-history":[{"count":25,"href":"https:\/\/draviczkitapeta.hu\/de\/wp-json\/wp\/v2\/pages\/90\/revisions"}],"predecessor-version":[{"id":351,"href":"https:\/\/draviczkitapeta.hu\/de\/wp-json\/wp\/v2\/pages\/90\/revisions\/351"}],"wp:attachment":[{"href":"https:\/\/draviczkitapeta.hu\/de\/wp-json\/wp\/v2\/media?parent=90"}],"curies":[{"name":"wp","href":"https:\/\/api.w.org\/{rel}","templated":true}]}}